{"id":196,"date":"2018-10-05T08:54:12","date_gmt":"2018-10-05T08:54:12","guid":{"rendered":"http:\/\/rarathemesdemo.com\/the-conference-pro\/?page_id=196"},"modified":"2023-11-16T14:54:28","modified_gmt":"2023-11-16T14:54:28","slug":"organisation","status":"publish","type":"page","link":"https:\/\/lexytrad.es\/SAYITAGAIN2023\/organisation\/","title":{"rendered":"Organisation"},"content":{"rendered":"<div id=\"pl-gb196-69db923ce8dc7\"  class=\"panel-layout\" ><div id=\"pg-gb196-69db923ce8dc7-0\"  class=\"panel-grid panel-no-style\" ><div id=\"pgc-gb196-69db923ce8dc7-0-0\"  class=\"panel-grid-cell\" ><div id=\"panel-gb196-69db923ce8dc7-0-0-0\" class=\"so-panel widget widget_rrtc_icon_text_widget panel-first-child panel-last-child\" data-index=\"0\" >        \r\n            <div class=\"rtc-itw-holder\">\r\n                <div class=\"rtc-itw-inner-holder\">\r\n                    <div class=\"text-holder\">\r\n                    <\/h3>                              \r\n                    <\/div>\r\n                                            <div class=\"icon-holder\">\r\n                            <span class=\"fas fa-address-card\"><\/span>\r\n                        <\/div>\r\n                                    <\/div>\r\n            <\/div>\r\n        <\/div><\/div><\/div><\/div>\n\n\n<h5 class=\"wp-block-heading\">Conference Chairs<\/h5>\n\n\n\n<ul class=\"wp-block-list\">\n<li><strong>Gloria Corpas Pastor<\/strong>, University of Malaga<\/li>\n\n\n\n<li><strong>Carlos Manuel Hidalgo Ternero<\/strong>, University of Malaga<\/li>\n<\/ul>\n\n\n\n<h5 class=\"wp-block-heading\">Organising Committee<\/h5>\n\n\n\n<ul class=\"wp-block-list\">\n<li><strong>Presentaci\u00f3n Aguilera Crespillo<\/strong>, University of Malaga<\/li>\n\n\n\n<li><strong>Marta Alcaide Mart\u00ednez<\/strong>, University of Malaga<\/li>\n\n\n\n<li><strong>Vicent Briva-Iglesias<\/strong>, Dublin City University<\/li>\n\n\n\n<li><strong>Isabel Dur\u00e1n Mu\u00f1oz<\/strong>, University of Cordoba<\/li>\n\n\n\n<li><strong>J. Alejandro Fern\u00e1ndez Sola<\/strong>, University of Malaga<\/li>\n\n\n\n<li><strong>Mahmoud Gaber Ali Ali<\/strong>, University of Malaga<\/li>\n\n\n\n<li><strong>Adriana Iglesias Lara<\/strong>, University of Malaga<\/li>\n\n\n\n<li><strong>Francisco Javier Lima Florido<\/strong>, University of Malaga<\/li>\n\n\n\n<li><strong>Araceli Losey Le\u00f3n<\/strong>, University of Cadiz<\/li>\n\n\n\n<li><strong>Jorge Lucas P\u00e9rez<\/strong>, University of Malaga<\/li>\n\n\n\n<li><strong>Luis Carlos Mar\u00edn Navarro<\/strong>, University of Malaga<\/li>\n\n\n\n<li><strong>Desir\u00e9 Martos Garc\u00eda<\/strong>, University of Malaga<\/li>\n\n\n\n<li><strong>Jose Manuel Merino Ruiz<\/strong>, University of Malaga<\/li>\n\n\n\n<li><strong>Judyta M\u0119\u017cyk<\/strong>, University of Silesia and the Paris-Est Cr\u00e9teil Val de Marne University<\/li>\n\n\n\n<li><strong>Laura Noriega Santi\u00e1\u00f1ez<\/strong>, University of Malaga<\/li>\n\n\n\n<li><strong>Francisco Pardillo Castillo<\/strong>, University of Malaga<\/li>\n\n\n\n<li><strong>M\u00edriam P\u00e9rez Carrasco<\/strong>, University of Malaga<\/li>\n\n\n\n<li><strong>Pilar Rodr\u00edguez Reina<\/strong>, Pablo de Olavide University<\/li>\n\n\n\n<li><strong>Marina Rueda-Mart\u00edn<\/strong>, Pablo de Olavide University<\/li>\n\n\n\n<li><strong>Hanan Saleh Hussein<\/strong>, Pablo de Olavide University<\/li>\n\n\n\n<li><strong>Juan Antonio S\u00e1nchez Mu\u00f1oz<\/strong>, University of Malaga<\/li>\n<\/ul>\n\n\n\n<p><\/p>\n\n\n\n<h5 class=\"wp-block-heading\">Student Volunteers<\/h5>\n\n\n\n<ul class=\"wp-block-list\">\n<li><strong>Mar\u00eda Cuadrado Barrios<\/strong>, University of Malaga<\/li>\n\n\n\n<li><strong>Alicia Huidobro Lobato<\/strong>, University of Malaga<\/li>\n\n\n\n<li><strong>Rosal\u00eda Olalla Su\u00e1rez<\/strong>, University of Malaga<\/li>\n\n\n\n<li><strong>Jos\u00e9 Jes\u00fas Pascual \u00c1lvarez<\/strong>, University of Malaga<\/li>\n<\/ul>\n","protected":false},"excerpt":{"rendered":"<p>Conference Chairs Organising Committee Student Volunteers<\/p>\n","protected":false},"author":1,"featured_media":0,"parent":0,"menu_order":0,"comment_status":"closed","ping_status":"closed","template":"","meta":{"footnotes":""},"class_list":["post-196","page","type-page","status-publish","hentry"],"_links":{"self":[{"href":"https:\/\/lexytrad.es\/SAYITAGAIN2023\/wp-json\/wp\/v2\/pages\/196","targetHints":{"allow":["GET"]}}],"collection":[{"href":"https:\/\/lexytrad.es\/SAYITAGAIN2023\/wp-json\/wp\/v2\/pages"}],"about":[{"href":"https:\/\/lexytrad.es\/SAYITAGAIN2023\/wp-json\/wp\/v2\/types\/page"}],"author":[{"embeddable":true,"href":"https:\/\/lexytrad.es\/SAYITAGAIN2023\/wp-json\/wp\/v2\/users\/1"}],"replies":[{"embeddable":true,"href":"https:\/\/lexytrad.es\/SAYITAGAIN2023\/wp-json\/wp\/v2\/comments?post=196"}],"version-history":[{"count":21,"href":"https:\/\/lexytrad.es\/SAYITAGAIN2023\/wp-json\/wp\/v2\/pages\/196\/revisions"}],"predecessor-version":[{"id":1427,"href":"https:\/\/lexytrad.es\/SAYITAGAIN2023\/wp-json\/wp\/v2\/pages\/196\/revisions\/1427"}],"wp:attachment":[{"href":"https:\/\/lexytrad.es\/SAYITAGAIN2023\/wp-json\/wp\/v2\/media?parent=196"}],"curies":[{"name":"wp","href":"https:\/\/api.w.org\/{rel}","templated":true}]}}