{"id":196,"date":"2018-10-05T08:54:12","date_gmt":"2018-10-05T08:54:12","guid":{"rendered":"http:\/\/rarathemesdemo.com\/the-conference-pro\/?page_id=196"},"modified":"2023-05-22T08:41:23","modified_gmt":"2023-05-22T08:41:23","slug":"organisation","status":"publish","type":"page","link":"http:\/\/lexytrad.es\/SAYIT2023\/organisation\/","title":{"rendered":"Organisation"},"content":{"rendered":"<div id=\"pl-gb196-69e99859c31f6\"  class=\"panel-layout\" ><div id=\"pg-gb196-69e99859c31f6-0\"  class=\"panel-grid panel-no-style\" ><div id=\"pgc-gb196-69e99859c31f6-0-0\"  class=\"panel-grid-cell\" ><div id=\"panel-gb196-69e99859c31f6-0-0-0\" class=\"so-panel widget widget_rrtc_icon_text_widget panel-first-child panel-last-child\" data-index=\"0\" >        \r\n            <div class=\"rtc-itw-holder\">\r\n                <div class=\"rtc-itw-inner-holder\">\r\n                    <div class=\"text-holder\">\r\n                    <\/h3>                              \r\n                    <\/div>\r\n                                            <div class=\"icon-holder\">\r\n                            <span class=\"fas fa-address-card\"><\/span>\r\n                        <\/div>\r\n                                    <\/div>\r\n            <\/div>\r\n        <\/div><\/div><\/div><\/div>\n\n\n<h5>Conference Chairs<\/h5>\n\n\n\n<ul>\n<li><strong>Gloria Corpas Pastor<\/strong>, University of Malaga<\/li>\n\n\n\n<li><strong>Carlos Manuel Hidalgo Ternero<\/strong>, University of Malaga<\/li>\n<\/ul>\n\n\n\n<h5>Organising Committee<\/h5>\n\n\n\n<ul>\n<li><strong>Presentaci\u00f3n Aguilera Crespillo<\/strong>, University of Malaga<\/li>\n\n\n\n<li><strong>Marta Alcaide Mart\u00ednez<\/strong>, University of Malaga<\/li>\n\n\n\n<li><strong>Mar\u00eda Rosario Bautista Zambrana<\/strong>, University of Malaga<\/li>\n\n\n\n<li><strong>Vicent Briva-Iglesias<\/strong>, Dublin City University<\/li>\n\n\n\n<li><strong>Isabel Dur\u00e1n Mu\u00f1oz<\/strong>, University of Cordoba<\/li>\n\n\n\n<li><strong>J. Alejandro Fern\u00e1ndez Sola<\/strong>, University of Malaga<\/li>\n\n\n\n<li><strong>Mahmoud Gaber Ali Ali<\/strong>, University of Malaga<\/li>\n\n\n\n<li><strong>Adriana Iglesias Lara<\/strong>, University of Malaga<\/li>\n\n\n\n<li><strong>Francisco Javier Lima Florido<\/strong>, University of Malaga<\/li>\n\n\n\n<li><strong>Araceli Losey Le\u00f3n<\/strong>, University of Cadiz<\/li>\n\n\n\n<li><strong>Jorge Lucas P\u00e9rez<\/strong>, University of Malaga<\/li>\n\n\n\n<li><strong>Luis Carlos Mar\u00edn Navarro<\/strong>, University of Malaga<\/li>\n\n\n\n<li><strong>Desir\u00e9 Martos Garc\u00eda<\/strong>, University of Malaga<\/li>\n\n\n\n<li><strong>Judyta M\u0119\u017cyk<\/strong>, University of Silesia and the Paris-Est Cr\u00e9teil Val de Marne University<\/li>\n\n\n\n<li><strong>Laura Noriega Santi\u00e1\u00f1ez<\/strong>, University of Malaga<\/li>\n\n\n\n<li><strong>M\u00edriam P\u00e9rez Carrasco<\/strong>, University of Malaga<\/li>\n\n\n\n<li><strong>Pilar Rodr\u00edguez Reina<\/strong>, Pablo de Olavide University<\/li>\n\n\n\n<li><strong>Marina Rueda-Mart\u00edn<\/strong>, Pablo de Olavide University<\/li>\n\n\n\n<li><strong>Hanan Saleh Hussein<\/strong>, Pablo de Olavide University<\/li>\n\n\n\n<li><strong>Juan Antonio S\u00e1nchez Mu\u00f1oz<\/strong>, University of Malaga<\/li>\n<\/ul>\n\n\n\n<h5>Student Volunteers<\/h5>\n\n\n\n<ul>\n<li><strong>Alejandro Guti\u00e9rrez Usero<\/strong>, University of Malaga<\/li>\n\n\n\n<li><strong>Jes\u00fas Mayorgas Cobos<\/strong>, University of Malaga<\/li>\n\n\n\n<li><strong>Mario P\u00e9rez Eguiluz<\/strong>, University of Malaga<\/li>\n\n\n\n<li><strong>Sandra Raimundo S\u00e1nchez<\/strong>, University of Malaga<\/li>\n\n\n\n<li><strong>Mar\u00eda de la Cabeza Rodr\u00edguez Mart\u00ednez<\/strong>, University of Malaga<\/li>\n\n\n\n<li><strong>B\u00e1rbara Ruiz Merino<\/strong>, University of Malaga<\/li>\n<\/ul>\n","protected":false},"excerpt":{"rendered":"<p>Conference Chairs Organising Committee Student Volunteers<\/p>\n","protected":false},"author":1,"featured_media":0,"parent":0,"menu_order":0,"comment_status":"closed","ping_status":"closed","template":"","meta":[],"_links":{"self":[{"href":"http:\/\/lexytrad.es\/SAYIT2023\/wp-json\/wp\/v2\/pages\/196"}],"collection":[{"href":"http:\/\/lexytrad.es\/SAYIT2023\/wp-json\/wp\/v2\/pages"}],"about":[{"href":"http:\/\/lexytrad.es\/SAYIT2023\/wp-json\/wp\/v2\/types\/page"}],"author":[{"embeddable":true,"href":"http:\/\/lexytrad.es\/SAYIT2023\/wp-json\/wp\/v2\/users\/1"}],"replies":[{"embeddable":true,"href":"http:\/\/lexytrad.es\/SAYIT2023\/wp-json\/wp\/v2\/comments?post=196"}],"version-history":[{"count":15,"href":"http:\/\/lexytrad.es\/SAYIT2023\/wp-json\/wp\/v2\/pages\/196\/revisions"}],"predecessor-version":[{"id":1178,"href":"http:\/\/lexytrad.es\/SAYIT2023\/wp-json\/wp\/v2\/pages\/196\/revisions\/1178"}],"wp:attachment":[{"href":"http:\/\/lexytrad.es\/SAYIT2023\/wp-json\/wp\/v2\/media?parent=196"}],"curies":[{"name":"wp","href":"https:\/\/api.w.org\/{rel}","templated":true}]}}